{"id":8,"date":"2024-11-12T20:36:02","date_gmt":"2024-11-12T20:36:02","guid":{"rendered":"https:\/\/insightevolutiontrade.com.br\/?page_id=8"},"modified":"2025-07-11T23:18:16","modified_gmt":"2025-07-11T23:18:16","slug":"insight","status":"publish","type":"page","link":"https:\/\/insightevolutiontrade.com.br\/","title":{"rendered":"Insight Revolution Trade &#8211; Home"},"content":{"rendered":"<p>[et_pb_section fb_built=&#8221;1&#8243; theme_builder_area=&#8221;post_content&#8221; _builder_version=&#8221;4.27.4&#8243; _module_preset=&#8221;default&#8221; custom_padding=&#8221;0px||0px|||&#8221; background_color=&#8221;#000000&#8243; hover_enabled=&#8221;0&#8243; sticky_enabled=&#8221;0&#8243;][et_pb_row _builder_version=&#8221;4.27.4&#8243; _module_preset=&#8221;default&#8221; theme_builder_area=&#8221;post_content&#8221; custom_padding=&#8221;0px||0px|||&#8221; width=&#8221;100%&#8221; max_width=&#8221;1666px&#8221; hover_enabled=&#8221;0&#8243; sticky_enabled=&#8221;0&#8243;][et_pb_column _builder_version=&#8221;4.27.4&#8243; _module_preset=&#8221;default&#8221; type=&#8221;4_4&#8243; theme_builder_area=&#8221;post_content&#8221;][et_pb_code _builder_version=&#8221;4.27.4&#8243; _module_preset=&#8221;default&#8221; theme_builder_area=&#8221;post_content&#8221; hover_enabled=&#8221;0&#8243; sticky_enabled=&#8221;0&#8243;]<\/p>\n<div id=\"cotacao-ticker\" style=\"background:#000; color:#fff; padding:10px 20px; font-family:Segoe UI, sans-serif; font-size:14px; overflow:hidden; border-radius:0px;\"><!-- [et_pb_line_break_holder] -->  <\/p>\n<div id=\"ticker-text\" style=\"display:inline-block; white-space:nowrap; animation: ticker-scroll 35s linear infinite;\"><!-- [et_pb_line_break_holder] -->    \ud83d\udcb5 D\u00f3lar: R$5,00 \u00a0\u00a0\u00a0|\u00a0\u00a0\u00a0\ud83d\udcb6 Euro: R$5,50 \u00a0\u00a0\u00a0|\u00a0\u00a0\u00a0Atualizando&#8230;<!-- [et_pb_line_break_holder] -->  <\/div>\n<p><!-- [et_pb_line_break_holder] --><\/div>\n<p><!-- [et_pb_line_break_holder] --><!-- [et_pb_line_break_holder] --><script><!-- [et_pb_line_break_holder] -->  fetch('https:\/\/economia.awesomeapi.com.br\/json\/last\/USD-BRL,EUR-BRL')<!-- [et_pb_line_break_holder] -->    .then(res => res.json())<!-- [et_pb_line_break_holder] -->    .then(data => {<!-- [et_pb_line_break_holder] -->      const usd = parseFloat(data.USDBRL.bid).toFixed(2);<!-- [et_pb_line_break_holder] -->      const eur = parseFloat(data.EURBRL.bid).toFixed(2);<!-- [et_pb_line_break_holder] -->      const texto = `\ud83d\udcb5 D\u00f3lar: R$${usd} \u00a0\u00a0\u00a0|\u00a0\u00a0\u00a0\ud83d\udcb6 Euro: R$${eur} \u00a0\u00a0\u00a0|\u00a0\u00a0\u00a0Atualizado \u00e0s ${new Date().toLocaleTimeString()}`;<!-- [et_pb_line_break_holder] -->      document.getElementById('ticker-text').textContent = texto;<!-- [et_pb_line_break_holder] -->    })<!-- [et_pb_line_break_holder] -->    .catch(() => {<!-- [et_pb_line_break_holder] -->      document.getElementById('ticker-text').textContent = '\ud83d\udcb5 D\u00f3lar: R$5,00 \u00a0\u00a0\u00a0|\u00a0\u00a0\u00a0\ud83d\udcb6 Euro: R$5,50 \u00a0\u00a0\u00a0|\u00a0\u00a0\u00a0Erro ao atualizar.';<!-- [et_pb_line_break_holder] -->    });<!-- [et_pb_line_break_holder] --><\/script><!-- [et_pb_line_break_holder] --><!-- [et_pb_line_break_holder] --><\/p>\n<style><!-- [et_pb_line_break_holder] -->@keyframes ticker-scroll {<!-- [et_pb_line_break_holder] -->  0%   { transform: translateX(100%); }<!-- [et_pb_line_break_holder] -->  100% { transform: translateX(-100%); }<!-- [et_pb_line_break_holder] -->}<!-- [et_pb_line_break_holder] -->#ticker-text {<!-- [et_pb_line_break_holder] -->  padding-left: 100%;<!-- [et_pb_line_break_holder] -->}<!-- [et_pb_line_break_holder] --><\/style>\n<p><!-- [et_pb_line_break_holder] -->[\/et_pb_code][\/et_pb_column][\/et_pb_row][\/et_pb_section][et_pb_section fb_built=&#8221;1&#8243; custom_padding_last_edited=&#8221;on|phone&#8221; _builder_version=&#8221;4.27.4&#8243; _module_preset=&#8221;default&#8221; background_color=&#8221;rgba(0,0,0,0.24)&#8221; background_image=&#8221;https:\/\/insightevolutiontrade.com.br\/wp-content\/uploads\/2025\/07\/banner.png&#8221; background_position=&#8221;center_left&#8221; background_blend=&#8221;multiply&#8221; custom_padding=&#8221;89px||57px|||&#8221; custom_padding_tablet=&#8221;98px||57px|||&#8221; custom_padding_phone=&#8221;30px||10px||false|false&#8221; filter_brightness=&#8221;104%&#8221; global_colors_info=&#8221;{}&#8221;][et_pb_row column_structure=&#8221;1_2,1_2&#8243; _builder_version=&#8221;4.27.4&#8243; _module_preset=&#8221;default&#8221; custom_margin=&#8221;-2px|auto||auto||&#8221; custom_padding=&#8221;7px|||||&#8221; global_colors_info=&#8221;{}&#8221;][et_pb_column type=&#8221;1_2&#8243; _builder_version=&#8221;4.27.4&#8243; _module_preset=&#8221;default&#8221; global_colors_info=&#8221;{}&#8221;][et_pb_text admin_label=&#8221;About Section Title&#8221; _builder_version=&#8221;4.27.4&#8243; text_font=&#8221;Montserrat||||&#8221; text_text_color=&#8221;#FFFFFF&#8221; text_font_size=&#8221;35px&#8221; text_line_height=&#8221;1.2em&#8221; background_size=&#8221;initial&#8221; background_position=&#8221;top_left&#8221; background_repeat=&#8221;repeat&#8221; custom_margin=&#8221;||26px|||&#8221; custom_padding=&#8221;||13px|||&#8221; custom_padding_tablet=&#8221;||40px|||&#8221; custom_padding_phone=&#8221;55px||20px||false|false&#8221; custom_padding_last_edited=&#8221;on|phone&#8221; text_font_size_tablet=&#8221;51px&#8221; text_font_size_phone=&#8221;33px&#8221; text_font_size_last_edited=&#8221;on|phone&#8221; global_colors_info=&#8221;{}&#8221;]<\/p>\n<p class=\"p1\" style=\"text-align: left;\"><strong>Invista no seu <span style=\"color: #2757fa;\">Futuro Financeiro<\/span><\/strong><\/p>\n<p>[\/et_pb_text][et_pb_text admin_label=&#8221;About Section Title&#8221; _builder_version=&#8221;4.27.4&#8243; text_font=&#8221;Montserrat||||&#8221; text_text_color=&#8221;#FFFFFF&#8221; text_font_size=&#8221;18px&#8221; text_line_height=&#8221;1.2em&#8221; background_size=&#8221;initial&#8221; background_position=&#8221;top_left&#8221; background_repeat=&#8221;repeat&#8221; custom_margin=&#8221;-20px||-7px|||&#8221; custom_margin_tablet=&#8221;-20px||-7px|||&#8221; custom_margin_phone=&#8221;-65px||||false|false&#8221; custom_margin_last_edited=&#8221;on|phone&#8221; custom_padding=&#8221;0px||40px|||&#8221; custom_padding_tablet=&#8221;||40px|||&#8221; custom_padding_phone=&#8221;36px||39px||false|false&#8221; custom_padding_last_edited=&#8221;on|phone&#8221; text_font_size_tablet=&#8221;51px&#8221; text_font_size_phone=&#8221;16px&#8221; text_font_size_last_edited=&#8221;on|phone&#8221; global_colors_info=&#8221;{}&#8221;]<\/p>\n<div class=\"space-y-6\">\n<p class=\"text-xl text-gray-600 leading-relaxed\">Junte-se a milhares de investidores que j\u00e1 descobriram oportunidades exclusivas e est\u00e3o construindo patrim\u00f4nio com estrat\u00e9gias comprovadas.<\/p>\n<\/div>\n<div class=\"space-y-4\">\n<div class=\"flex items-start space-x-4\">\n<div class=\"flex-shrink-0 w-12 h-12 bg-gradient-to-r from-blue-100 to-indigo-100 rounded-xl flex items-center justify-center\"><\/div>\n<div><\/div>\n<\/div>\n<\/div>\n<p>[\/et_pb_text][et_pb_button button_url=&#8221;https:\/\/cadastro.insightevolutiontrade.com.br\/&#8221; url_new_window=&#8221;on&#8221; button_text=&#8221;Clique aqui&#8221; _builder_version=&#8221;4.27.4&#8243; _module_preset=&#8221;default&#8221; custom_button=&#8221;on&#8221; button_text_size=&#8221;18px&#8221; button_text_color=&#8221;#FFFFFF&#8221; button_bg_color=&#8221;#2757fa&#8221; button_border_width=&#8221;0px&#8221; button_border_radius=&#8221;7px&#8221; button_font=&#8221;Poppins||||||||&#8221; global_colors_info=&#8221;{}&#8221;][\/et_pb_button][\/et_pb_column][et_pb_column type=&#8221;1_2&#8243; _builder_version=&#8221;4.27.4&#8243; _module_preset=&#8221;default&#8221; global_colors_info=&#8221;{}&#8221;][\/et_pb_column][\/et_pb_row][\/et_pb_section][et_pb_section fb_built=&#8221;1&#8243; custom_padding_last_edited=&#8221;on|phone&#8221; admin_label=&#8221;03 Advanced List&#8221; module_id=&#8221;quemsomos&#8221; _builder_version=&#8221;4.27.4&#8243; _module_preset=&#8221;default&#8221; background_enable_color=&#8221;off&#8221; background_enable_image=&#8221;off&#8221; background_size=&#8221;stretch&#8221; custom_padding=&#8221;90px||80px|||&#8221; custom_padding_tablet=&#8221;90px||80px|||&#8221; custom_padding_phone=&#8221;0px||20px||false|false&#8221; border_color_top=&#8221;#c2603d&#8221; locked=&#8221;off&#8221; collapsed=&#8221;on&#8221; global_colors_info=&#8221;{}&#8221;][et_pb_row column_structure=&#8221;1_2,1_2&#8243; use_custom_gutter=&#8221;on&#8221; _builder_version=&#8221;4.27.4&#8243; _module_preset=&#8221;default&#8221; width=&#8221;100%&#8221; width_tablet=&#8221;&#8221; width_phone=&#8221;90%&#8221; width_last_edited=&#8221;on|phone&#8221; min_height=&#8221;396.1px&#8221; custom_padding=&#8221;0px||0px|0px||&#8221; custom_css_main_element=&#8221;display: flex;||align-items: center;&#8221; global_colors_info=&#8221;{}&#8221; custom_css_main_element_last_edited=&#8221;on|desktop&#8221; custom_css_main_element_tablet=&#8221;display: flex;||flex-direction: column;||&#8221; custom_css_main_element_phone=&#8221;display: flex;||flex-direction: column;||&#8221;][et_pb_column type=&#8221;1_2&#8243; _builder_version=&#8221;4.19.0&#8243; _module_preset=&#8221;default&#8221; global_colors_info=&#8221;{}&#8221;][et_pb_text admin_label=&#8221;About Section Title&#8221; _builder_version=&#8221;4.27.4&#8243; text_font=&#8221;Montserrat||||&#8221; text_text_color=&#8221;#000000&#8243; text_font_size=&#8221;35px&#8221; text_line_height=&#8221;1.2em&#8221; background_size=&#8221;initial&#8221; background_position=&#8221;top_left&#8221; background_repeat=&#8221;repeat&#8221; custom_margin=&#8221;||26px|||&#8221; custom_padding=&#8221;||13px|||&#8221; custom_padding_tablet=&#8221;||40px|||&#8221; custom_padding_phone=&#8221;55px||20px||false|false&#8221; custom_padding_last_edited=&#8221;on|phone&#8221; text_font_size_tablet=&#8221;51px&#8221; text_font_size_phone=&#8221;30px&#8221; text_font_size_last_edited=&#8221;on|phone&#8221; global_colors_info=&#8221;{}&#8221;]<\/p>\n<p class=\"p1\" style=\"text-align: left;\"><strong>Quem Somos<\/strong><\/p>\n<p>[\/et_pb_text][et_pb_text admin_label=&#8221;About Section Title&#8221; _builder_version=&#8221;4.27.4&#8243; text_font=&#8221;Montserrat||||&#8221; text_text_color=&#8221;#000000&#8243; text_font_size=&#8221;16px&#8221; background_size=&#8221;initial&#8221; background_position=&#8221;top_left&#8221; background_repeat=&#8221;repeat&#8221; custom_margin=&#8221;-20px||-7px|||&#8221; custom_margin_tablet=&#8221;-20px||-7px|||&#8221; custom_margin_phone=&#8221;-65px||||false|false&#8221; custom_margin_last_edited=&#8221;on|phone&#8221; custom_padding=&#8221;0px||40px|||&#8221; custom_padding_tablet=&#8221;||40px|||&#8221; custom_padding_phone=&#8221;55px||20px||false|false&#8221; custom_padding_last_edited=&#8221;on|phone&#8221; text_font_size_tablet=&#8221;51px&#8221; text_font_size_phone=&#8221;16px&#8221; text_font_size_last_edited=&#8221;on|phone&#8221; global_colors_info=&#8221;{}&#8221;]<\/p>\n<p data-start=\"222\" data-end=\"531\">A <strong>Insight Evolution Trade<\/strong> nasce com o compromisso de oferecer solu\u00e7\u00f5es financeiras inteligentes, seguras e alinhadas com os objetivos de cada cliente. Com uma abordagem moderna e estrat\u00e9gica, unimos expertise de mercado a uma vis\u00e3o inovadora, entregando um atendimento personalizado e orientado a resultados.<\/p>\n<p data-start=\"533\" data-end=\"738\">Nosso prop\u00f3sito \u00e9 ser um parceiro confi\u00e1vel na estrutura\u00e7\u00e3o de opera\u00e7\u00f5es financeiras, gest\u00e3o de investimentos e assessoria especializada \u2014 sempre com foco em performance, transpar\u00eancia e evolu\u00e7\u00e3o cont\u00ednua.<\/p>\n<p data-start=\"740\" data-end=\"919\">Estamos aqui para transformar o jeito de investir e operar no mercado. Fale com a gente e descubra como a Insight Revolution Trade pode impulsionar o seu pr\u00f3ximo passo financeiro.<\/p>\n<p>[\/et_pb_text][\/et_pb_column][et_pb_column type=&#8221;1_2&#8243; _builder_version=&#8221;4.19.0&#8243; _module_preset=&#8221;default&#8221; global_colors_info=&#8221;{}&#8221;][et_pb_image src=&#8221;https:\/\/insightevolutiontrade.com.br\/wp-content\/uploads\/2025\/07\/istockphoto-1218614876-612&#215;612-1.jpg&#8221; title_text=&#8221;istockphoto-1218614876-612&#215;612&#8243; align=&#8221;center&#8221; _builder_version=&#8221;4.27.4&#8243; _module_preset=&#8221;default&#8221; width=&#8221;100%&#8221; custom_margin=&#8221;0px||||false|false&#8221; custom_padding=&#8221;0px|||||&#8221; global_colors_info=&#8221;{}&#8221;][\/et_pb_image][\/et_pb_column][\/et_pb_row][\/et_pb_section][et_pb_section fb_built=&#8221;1&#8243; admin_label=&#8221;03 Advanced List&#8221; module_id=&#8221;quemsomos&#8221; _builder_version=&#8221;4.27.4&#8243; _module_preset=&#8221;default&#8221; background_color=&#8221;#000000&#8243; background_enable_image=&#8221;off&#8221; background_size=&#8221;stretch&#8221; background_pattern_horizontal_offset=&#8221;100%&#8221; background_pattern_vertical_offset=&#8221;-100%&#8221; custom_padding=&#8221;50px||50px|||&#8221; border_color_top=&#8221;#c2603d&#8221; locked=&#8221;off&#8221; collapsed=&#8221;on&#8221; global_colors_info=&#8221;{}&#8221;][et_pb_row column_structure=&#8221;1_2,1_2&#8243; use_custom_gutter=&#8221;on&#8221; gutter_width=&#8221;4&#8243; _builder_version=&#8221;4.27.4&#8243; _module_preset=&#8221;default&#8221; width=&#8221;100%&#8221; width_tablet=&#8221;&#8221; width_phone=&#8221;90%&#8221; width_last_edited=&#8221;on|phone&#8221; custom_padding=&#8221;0px||0px|0px||&#8221; custom_css_main_element=&#8221;display: flex;||align-items: center;&#8221; global_colors_info=&#8221;{}&#8221; custom_css_main_element_last_edited=&#8221;on|desktop&#8221; custom_css_main_element_tablet=&#8221;display: flex;||flex-direction: column;||&#8221; custom_css_main_element_phone=&#8221;display: flex;||flex-direction: column;||&#8221;][et_pb_column type=&#8221;1_2&#8243; _builder_version=&#8221;4.19.0&#8243; _module_preset=&#8221;default&#8221; global_colors_info=&#8221;{}&#8221;][et_pb_image src=&#8221;https:\/\/insightevolutiontrade.com.br\/wp-content\/uploads\/2024\/11\/Teamplates-Blog-ILLI-Engenharia-2024-06-21T112040.683.webp&#8221; title_text=&#8221;Teamplates-Blog-ILLI-Engenharia-2024-06-21T112040.683&#8243; align=&#8221;center&#8221; _builder_version=&#8221;4.27.4&#8243; _module_preset=&#8221;default&#8221; width=&#8221;100%&#8221; custom_margin=&#8221;-24px||||false|false&#8221; custom_padding=&#8221;2px|||||&#8221; global_colors_info=&#8221;{}&#8221;][\/et_pb_image][\/et_pb_column][et_pb_column type=&#8221;1_2&#8243; _builder_version=&#8221;4.19.0&#8243; _module_preset=&#8221;default&#8221; global_colors_info=&#8221;{}&#8221;][et_pb_text admin_label=&#8221;About Section Title&#8221; _builder_version=&#8221;4.27.4&#8243; text_font=&#8221;Montserrat||||&#8221; text_text_color=&#8221;#FFFFFF&#8221; text_font_size=&#8221;16px&#8221; background_size=&#8221;initial&#8221; background_position=&#8221;top_left&#8221; background_repeat=&#8221;repeat&#8221; custom_margin=&#8221;-20px||-7px|||&#8221; custom_padding=&#8221;0px||0px|||&#8221; custom_padding_tablet=&#8221;||40px|||&#8221; custom_padding_phone=&#8221;55px||20px||false|false&#8221; custom_padding_last_edited=&#8221;on|phone&#8221; text_font_size_tablet=&#8221;51px&#8221; text_font_size_phone=&#8221;16px&#8221; text_font_size_last_edited=&#8221;on|phone&#8221; global_colors_info=&#8221;{}&#8221;]<\/p>\n<p data-start=\"123\" data-end=\"297\">No cen\u00e1rio din\u00e2mico dos mercados financeiros, a estrutura\u00e7\u00e3o de fundos e a condu\u00e7\u00e3o de opera\u00e7\u00f5es s\u00e3o elementos essenciais para o \u00eaxito de qualquer estrat\u00e9gia de investimento.<\/p>\n<p data-start=\"299\" data-end=\"600\">Na <strong>Insight Revolution Trade<\/strong>, atuamos com foco em solu\u00e7\u00f5es sob medida, desenvolvidas para atender \u00e0s demandas espec\u00edficas de investidores, gestores e empresas. Nosso objetivo \u00e9 garantir que cada opera\u00e7\u00e3o seja estrategicamente planejada para potencializar resultados e reduzir riscos de forma eficiente.<\/p>\n<p>[\/et_pb_text][\/et_pb_column][\/et_pb_row][\/et_pb_section][et_pb_section fb_built=&#8221;1&#8243; _builder_version=&#8221;4.27.4&#8243; _module_preset=&#8221;default&#8221; background_color=&#8221;#0e2592&#8243; custom_padding=&#8221;0px||0px|||&#8221; global_colors_info=&#8221;{}&#8221;][et_pb_row column_structure=&#8221;1_3,1_3,1_3&#8243; _builder_version=&#8221;4.23.1&#8243; _module_preset=&#8221;default&#8221; custom_margin=&#8221;|auto|-5px|auto||&#8221; custom_padding=&#8221;0px||0px|||&#8221; global_colors_info=&#8221;{}&#8221;][et_pb_column type=&#8221;1_3&#8243; _builder_version=&#8221;4.23.1&#8243; _module_preset=&#8221;default&#8221; global_colors_info=&#8221;{}&#8221;][\/et_pb_column][et_pb_column type=&#8221;1_3&#8243; _builder_version=&#8221;4.23.1&#8243; _module_preset=&#8221;default&#8221; global_colors_info=&#8221;{}&#8221;][et_pb_image src=&#8221;https:\/\/insightevolutiontrade.com.br\/wp-content\/uploads\/2025\/07\/Logo-Branco.png&#8221; title_text=&#8221;Logo Branco&#8221; _builder_version=&#8221;4.27.4&#8243; _module_preset=&#8221;default&#8221; custom_margin=&#8221;-5px||||false|false&#8221; custom_margin_tablet=&#8221;-5px||||false|false&#8221; custom_margin_phone=&#8221;||-40px||false|false&#8221; custom_margin_last_edited=&#8221;on|phone&#8221; custom_padding=&#8221;0px||0px||false|false&#8221; hover_enabled=&#8221;0&#8243; global_colors_info=&#8221;{}&#8221; sticky_enabled=&#8221;0&#8243;][\/et_pb_image][\/et_pb_column][et_pb_column type=&#8221;1_3&#8243; _builder_version=&#8221;4.23.1&#8243; _module_preset=&#8221;default&#8221; global_colors_info=&#8221;{}&#8221;][\/et_pb_column][\/et_pb_row][\/et_pb_section][et_pb_section fb_built=&#8221;1&#8243; module_id=&#8221;contato&#8221; _builder_version=&#8221;4.27.3&#8243; background_color=&#8221;#FFFFFF&#8221; custom_margin=&#8221;0px||0px||false|false&#8221; custom_padding=&#8221;70px|0px|0px|0px|false|false&#8221; global_colors_info=&#8221;{}&#8221;][et_pb_row column_structure=&#8221;1_3,1_3,1_3&#8243; use_custom_gutter=&#8221;on&#8221; gutter_width=&#8221;2&#8243; custom_padding_last_edited=&#8221;on|phone&#8221; _builder_version=&#8221;4.27.0&#8243; background_size=&#8221;initial&#8221; background_position=&#8221;top_left&#8221; background_repeat=&#8221;repeat&#8221; width=&#8221;100%&#8221; max_width=&#8221;1250px&#8221; custom_margin=&#8221;0px||0px||false|false&#8221; custom_padding=&#8221;0px||70px||false|false&#8221; custom_padding_tablet=&#8221;0px||82px||false|false&#8221; custom_padding_phone=&#8221;0px|20px|82px|20px|false|true&#8221; global_colors_info=&#8221;{}&#8221;][et_pb_column type=&#8221;1_3&#8243; _builder_version=&#8221;4.16&#8243; custom_padding=&#8221;|||&#8221; global_colors_info=&#8221;{}&#8221; custom_padding__hover=&#8221;|||&#8221;][et_pb_blurb title=&#8221;E-mail&#8221; use_icon=&#8221;on&#8221; font_icon=&#8221;&#xe010;||divi||400&#8243; icon_color=&#8221;#FFFFFF&#8221; image_icon_background_color=&#8221;#000000&#8243; image_icon_width=&#8221;26px&#8221; _builder_version=&#8221;4.27.3&#8243; header_font=&#8221;Montserrat|700|||||||&#8221; header_text_align=&#8221;center&#8221; header_text_color=&#8221;#000000&#8243; header_line_height=&#8221;1.8em&#8221; body_font=&#8221;Verdana|500|||||||&#8221; body_text_align=&#8221;center&#8221; body_text_color=&#8221;#707070&#8243; body_font_size=&#8221;12px&#8221; body_link_text_color=&#8221;#707070&#8243; background_color=&#8221;#ffffff&#8221; image_icon_custom_padding=&#8221;25px|25px|25px|25px|false|false&#8221; custom_margin=&#8221;0px||||false|false&#8221; custom_margin_tablet=&#8221;0px|||&#8221; custom_margin_phone=&#8221;&#8221; custom_margin_last_edited=&#8221;on|desktop&#8221; custom_padding=&#8221;40px|20px|20px|20px|false|false&#8221; animation_style=&#8221;slide&#8221; animation_direction=&#8221;bottom&#8221; animation_delay=&#8221;100ms&#8221; animation_intensity_slide=&#8221;10%&#8221; border_radii=&#8221;on|10px|10px|10px|10px&#8221; border_radii_image=&#8221;on|100%|100%|100%|100%&#8221; box_shadow_style=&#8221;preset1&#8243; box_shadow_color=&#8221;rgba(0,0,0,0.1)&#8221; icon_font_size=&#8221;26px&#8221; use_circle=&#8221;on&#8221; circle_color=&#8221;#4866ff&#8221; global_colors_info=&#8221;{}&#8221; image_icon_background_color__sticky_enabled=&#8221;#2ea3f2&#8243; image_icon_background_color__sticky=&#8221;#2ea3f2&#8243;]<\/p>\n<p><strong><a href=\"mailto:contato@bfladministradora.com.br\">contato@insightevolutiontrade.com.br<\/a><\/strong><strong><\/strong><br \/><strong><\/strong><br \/><strong><\/strong><br \/><strong><\/strong><\/p>\n<p>[\/et_pb_blurb][\/et_pb_column][et_pb_column type=&#8221;1_3&#8243; _builder_version=&#8221;4.16&#8243; custom_padding=&#8221;|||&#8221; global_colors_info=&#8221;{}&#8221; custom_padding__hover=&#8221;|||&#8221;][et_pb_blurb title=&#8221;Endere\u00e7o&#8221; use_icon=&#8221;on&#8221; font_icon=&#8221;&#xe082;||divi||400&#8243; icon_color=&#8221;#FFFFFF&#8221; image_icon_background_color=&#8221;#000000&#8243; image_icon_width=&#8221;26px&#8221; _builder_version=&#8221;4.27.3&#8243; header_font=&#8221;Montserrat|700|||||||&#8221; header_text_align=&#8221;center&#8221; header_text_color=&#8221;#000000&#8243; header_line_height=&#8221;1.8em&#8221; body_font=&#8221;Verdana|500|||||||&#8221; body_text_align=&#8221;center&#8221; body_text_color=&#8221;#707070&#8243; body_font_size=&#8221;12px&#8221; body_link_text_color=&#8221;#707070&#8243; background_color=&#8221;#ffffff&#8221; image_icon_custom_padding=&#8221;25px|25px|25px|25px|false|false&#8221; custom_margin=&#8221;0px||||false|false&#8221; custom_margin_tablet=&#8221;0px|||&#8221; custom_margin_phone=&#8221;&#8221; custom_margin_last_edited=&#8221;on|desktop&#8221; custom_padding=&#8221;40px|20px|20px|20px|false|false&#8221; animation_style=&#8221;slide&#8221; animation_direction=&#8221;bottom&#8221; animation_delay=&#8221;100ms&#8221; animation_intensity_slide=&#8221;10%&#8221; border_radii=&#8221;on|10px|10px|10px|10px&#8221; border_radii_image=&#8221;on|100%|100%|100%|100%&#8221; box_shadow_style=&#8221;preset1&#8243; box_shadow_color=&#8221;rgba(0,0,0,0.1)&#8221; icon_font_size=&#8221;26px&#8221; use_circle=&#8221;on&#8221; circle_color=&#8221;#4866ff&#8221; global_colors_info=&#8221;{}&#8221; image_icon_background_color__sticky_enabled=&#8221;#2ea3f2&#8243; image_icon_background_color__sticky=&#8221;#2ea3f2&#8243;]<\/p>\n<p class=\"p1\"><strong>Rua Concei\u00e7\u00e3o de Monte Alegre 107, cj. 163 &#8211; <br \/>S\u00e3o Paulo &#8211; SP | CEP: 04563-060<\/strong><\/p>\n<p>[\/et_pb_blurb][\/et_pb_column][et_pb_column type=&#8221;1_3&#8243; _builder_version=&#8221;4.16&#8243; custom_padding=&#8221;|||&#8221; global_colors_info=&#8221;{}&#8221; custom_padding__hover=&#8221;|||&#8221;][et_pb_blurb title=&#8221;Telefone&#8221; use_icon=&#8221;on&#8221; font_icon=&#8221;&#xe090;||divi||400&#8243; icon_color=&#8221;#FFFFFF&#8221; image_icon_background_color=&#8221;#000000&#8243; image_icon_width=&#8221;26px&#8221; _builder_version=&#8221;4.27.3&#8243; header_font=&#8221;Montserrat|700|||||||&#8221; header_text_align=&#8221;center&#8221; header_text_color=&#8221;#000000&#8243; header_line_height=&#8221;1.8em&#8221; body_font=&#8221;Verdana|500|||||||&#8221; body_text_align=&#8221;center&#8221; body_text_color=&#8221;#707070&#8243; body_font_size=&#8221;12px&#8221; body_link_text_color=&#8221;#707070&#8243; background_color=&#8221;#ffffff&#8221; image_icon_custom_padding=&#8221;25px|25px|25px|25px|false|false&#8221; custom_margin=&#8221;0px||||false|false&#8221; custom_margin_tablet=&#8221;0px|||&#8221; custom_margin_phone=&#8221;&#8221; custom_margin_last_edited=&#8221;on|desktop&#8221; custom_padding=&#8221;40px|20px|20px|20px|false|false&#8221; animation_style=&#8221;slide&#8221; animation_direction=&#8221;bottom&#8221; animation_delay=&#8221;100ms&#8221; animation_intensity_slide=&#8221;10%&#8221; border_radii=&#8221;on|10px|10px|10px|10px&#8221; border_radii_image=&#8221;on|100%|100%|100%|100%&#8221; box_shadow_style=&#8221;preset1&#8243; box_shadow_color=&#8221;rgba(0,0,0,0.1)&#8221; icon_font_size=&#8221;26px&#8221; use_circle=&#8221;on&#8221; circle_color=&#8221;#4866ff&#8221; global_colors_info=&#8221;{}&#8221; image_icon_background_color__sticky_enabled=&#8221;#2ea3f2&#8243; image_icon_background_color__sticky=&#8221;#2ea3f2&#8243;]<\/p>\n<p class=\"p1\"><strong>+55 (11) 2667-2708<\/strong><\/p>\n<p class=\"p1\"><strong><\/strong><\/p>\n<p class=\"p1\"><strong><\/strong><\/p>\n<p class=\"p1\"><strong><\/strong><\/p>\n<p>[\/et_pb_blurb][\/et_pb_column][\/et_pb_row][\/et_pb_section]<\/p>\n","protected":false},"excerpt":{"rendered":"<p>Invista no seu Futuro Financeiro Junte-se a milhares de investidores que j\u00e1 descobriram oportunidades exclusivas e est\u00e3o construindo patrim\u00f4nio com estrat\u00e9gias comprovadas. Quem SomosA Insight Evolution Trade nasce com o compromisso de oferecer solu\u00e7\u00f5es financeiras inteligentes, seguras e alinhadas com os objetivos de cada cliente. Com uma abordagem moderna e estrat\u00e9gica, unimos expertise de mercado [&hellip;]<\/p>\n","protected":false},"author":1,"featured_media":0,"parent":0,"menu_order":0,"comment_status":"closed","ping_status":"closed","template":"","meta":{"_et_pb_use_builder":"on","_et_pb_old_content":"","_et_gb_content_width":"","footnotes":""},"class_list":["post-8","page","type-page","status-publish","hentry"],"_links":{"self":[{"href":"https:\/\/insightevolutiontrade.com.br\/index.php?rest_route=\/wp\/v2\/pages\/8","targetHints":{"allow":["GET"]}}],"collection":[{"href":"https:\/\/insightevolutiontrade.com.br\/index.php?rest_route=\/wp\/v2\/pages"}],"about":[{"href":"https:\/\/insightevolutiontrade.com.br\/index.php?rest_route=\/wp\/v2\/types\/page"}],"author":[{"embeddable":true,"href":"https:\/\/insightevolutiontrade.com.br\/index.php?rest_route=\/wp\/v2\/users\/1"}],"replies":[{"embeddable":true,"href":"https:\/\/insightevolutiontrade.com.br\/index.php?rest_route=%2Fwp%2Fv2%2Fcomments&post=8"}],"version-history":[{"count":36,"href":"https:\/\/insightevolutiontrade.com.br\/index.php?rest_route=\/wp\/v2\/pages\/8\/revisions"}],"predecessor-version":[{"id":134,"href":"https:\/\/insightevolutiontrade.com.br\/index.php?rest_route=\/wp\/v2\/pages\/8\/revisions\/134"}],"wp:attachment":[{"href":"https:\/\/insightevolutiontrade.com.br\/index.php?rest_route=%2Fwp%2Fv2%2Fmedia&parent=8"}],"curies":[{"name":"wp","href":"https:\/\/api.w.org\/{rel}","templated":true}]}}